{"id":1418,"date":"2025-04-17T16:39:08","date_gmt":"2025-04-17T14:39:08","guid":{"rendered":"https:\/\/catapult-ai.com\/?page_id=1418"},"modified":"2025-11-12T13:21:32","modified_gmt":"2025-11-12T12:21:32","slug":"careers","status":"publish","type":"page","link":"https:\/\/catapult-ai.com\/sv\/careers\/","title":{"rendered":"Karri\u00e4r"},"content":{"rendered":"<div class=\"wp-block-group alignfull has-global-padding is-layout-constrained wp-block-group-is-layout-constrained\">\n<div class=\"wp-block-cover alignfull is-light\" style=\"border-radius:4px\"><video class=\"wp-block-cover__video-background intrinsic-ignore\" autoplay muted loop playsinline src=\"https:\/\/catapult-ai.com\/wp-content\/uploads\/2025\/04\/iStock_neonpinkdot-mp4format.mp4\" style=\"object-position:54% 87%\" data-object-fit=\"cover\" data-object-position=\"54% 87%\"><\/video><span aria-hidden=\"true\" class=\"wp-block-cover__background has-background-dim-0 has-background-dim\" style=\"background-color:#FFF\"><\/span><div class=\"wp-block-cover__inner-container is-layout-flow wp-block-cover-is-layout-flow\">\n<div class=\"wp-block-group alignfull has-global-padding is-layout-constrained wp-container-core-group-is-layout-23b1a4dc wp-block-group-is-layout-constrained\" style=\"padding-top:var(--wp--preset--spacing--30);padding-right:var(--wp--preset--spacing--30);padding-bottom:var(--wp--preset--spacing--30);padding-left:var(--wp--preset--spacing--30)\">\n<div class=\"wp-block-group alignwide is-content-justification-space-between is-layout-flex wp-container-core-group-is-layout-b2891da8 wp-block-group-is-layout-flex\">\n<div class=\"wp-block-group is-layout-flex wp-block-group-is-layout-flex\"><h1 class=\"has-link-color wp-elements-74d9c587c704a765f018836daab4c876 wp-block-site-title\"><a href=\"https:\/\/catapult-ai.com\/sv\" target=\"_self\" rel=\"home\">Vi bygger morgondagens f\u00f6retag.<\/a><\/h1>\n\n<p class=\"wp-block-site-tagline\">Lyft din verksamhet till n\u00e4sta niv\u00e5 med AI som drivkraft<\/p><\/div>\n\n\n<nav class=\"is-responsive items-justified-right wp-block-navigation is-content-justification-right is-layout-flex wp-container-core-navigation-is-layout-f665d2b5 wp-block-navigation-is-layout-flex\" aria-label=\"Header Navigation\" \n\t\t data-wp-interactive=\"core\/navigation\" data-wp-context='{\"overlayOpenedBy\":{\"click\":false,\"hover\":false,\"focus\":false},\"type\":\"overlay\",\"roleAttribute\":\"\",\"ariaLabel\":\"Meny\"}'><button aria-haspopup=\"dialog\" aria-label=\"\u00d6ppna meny\" class=\"wp-block-navigation__responsive-container-open\" \n\t\t\t\tdata-wp-on--click=\"actions.openMenuOnClick\"\n\t\t\t\tdata-wp-on--keydown=\"actions.handleMenuKeydown\"\n\t\t\t><svg width=\"24\" height=\"24\" xmlns=\"http:\/\/www.w3.org\/2000\/svg\" viewbox=\"0 0 24 24\" aria-hidden=\"true\" focusable=\"false\"><path d=\"M4 7.5h16v1.5H4z\"><\/path><path d=\"M4 15h16v1.5H4z\"><\/path><\/svg><\/button>\n\t\t\t\t<div class=\"wp-block-navigation__responsive-container\"  id=\"modal-1\" \n\t\t\t\tdata-wp-class--has-modal-open=\"state.isMenuOpen\"\n\t\t\t\tdata-wp-class--is-menu-open=\"state.isMenuOpen\"\n\t\t\t\tdata-wp-watch=\"callbacks.initMenu\"\n\t\t\t\tdata-wp-on--keydown=\"actions.handleMenuKeydown\"\n\t\t\t\tdata-wp-on--focusout=\"actions.handleMenuFocusout\"\n\t\t\t\ttabindex=\"-1\"\n\t\t\t>\n\t\t\t\t\t<div class=\"wp-block-navigation__responsive-close\" tabindex=\"-1\">\n\t\t\t\t\t\t<div class=\"wp-block-navigation__responsive-dialog\" \n\t\t\t\tdata-wp-bind--aria-modal=\"state.ariaModal\"\n\t\t\t\tdata-wp-bind--aria-label=\"state.ariaLabel\"\n\t\t\t\tdata-wp-bind--role=\"state.roleAttribute\"\n\t\t\t>\n\t\t\t\t\t\t\t<button aria-label=\"St\u00e4ng meny\" class=\"wp-block-navigation__responsive-container-close\" \n\t\t\t\tdata-wp-on--click=\"actions.closeMenuOnClick\"\n\t\t\t><svg xmlns=\"http:\/\/www.w3.org\/2000\/svg\" viewbox=\"0 0 24 24\" width=\"24\" height=\"24\" aria-hidden=\"true\" focusable=\"false\"><path d=\"m13.06 12 6.47-6.47-1.06-1.06L12 10.94 5.53 4.47 4.47 5.53 10.94 12l-6.47 6.47 1.06 1.06L12 13.06l6.47 6.47 1.06-1.06L13.06 12Z\"><\/path><\/svg><\/button>\n\t\t\t\t\t\t\t<div class=\"wp-block-navigation__responsive-container-content\" \n\t\t\t\tdata-wp-watch=\"callbacks.focusFirstElement\"\n\t\t\t id=\"modal-1-content\">\n\t\t\t\t\t\t\t\t<ul class=\"wp-block-navigation__container is-responsive items-justified-right wp-block-navigation\"><li class=\"wp-block-navigation-item wp-block-navigation-link\"><a class=\"wp-block-navigation-item__content\"  href=\"https:\/\/catapult-ai.com\/sv\/offerings\/\"><span class=\"wp-block-navigation-item__label\">V\u00e5ra tj\u00e4nster<\/span><\/a><\/li><li class=\"wp-block-navigation-item wp-block-navigation-link\"><a class=\"wp-block-navigation-item__content\"  href=\"https:\/\/catapult-ai.com\/sv\/our-experts\/\"><span class=\"wp-block-navigation-item__label\">V\u00e5ra experter<\/span><\/a><\/li><li class=\"wp-block-navigation-item wp-block-navigation-link\"><a class=\"wp-block-navigation-item__content\"  href=\"https:\/\/catapult-ai.com\/sv\/free-ai-resources\/\"><span class=\"wp-block-navigation-item__label\">Resurser<\/span><\/a><\/li><li class=\"wp-block-navigation-item wp-block-navigation-link\"><a class=\"wp-block-navigation-item__content\"  href=\"https:\/\/catapult-ai.com\/sv\/faq\/\"><span class=\"wp-block-navigation-item__label\">FAQ<\/span><\/a><\/li><li class=\"wp-block-navigation-item wp-block-navigation-link\"><a class=\"wp-block-navigation-item__content\"  href=\"https:\/\/catapult-ai.com\/sv\/about\/\"><span class=\"wp-block-navigation-item__label\">Om oss<\/span><\/a><\/li><li class=\"wp-block-navigation-item wp-block-navigation-link\"><a class=\"wp-block-navigation-item__content\"  href=\"https:\/\/catapult-ai.com\/sv\/careers\/\"><span class=\"wp-block-navigation-item__label\">Karri\u00e4r<\/span><\/a><\/li><li class=\"wp-block-navigation-item wp-block-navigation-link\"><a class=\"wp-block-navigation-item__content\"  href=\"https:\/\/catapult-ai.com\/sv\/news\/\"><span class=\"wp-block-navigation-item__label\">Nyheter<\/span><\/a><\/li><li class=\"wp-block-navigation-item wp-block-navigation-link\"><a class=\"wp-block-navigation-item__content\"  href=\"https:\/\/catapult-ai.com\/sv\/contact\/\"><span class=\"wp-block-navigation-item__label\">Kontakt<\/span><\/a><\/li><li class=\"wp-block-navigation-item wp-block-navigation-link\"><a class=\"wp-block-navigation-item__content\"  href=\"https:\/\/catapult-ai.com\/sv\/ai-maturity-assessment\/\"><span class=\"wp-block-navigation-item__label\">AI mognadstest<\/span><\/a><\/li><\/ul>\n\t\t\t\t\t\t\t<\/div>\n\t\t\t\t\t\t<\/div>\n\t\t\t\t\t<\/div>\n\t\t\t\t<\/div><\/nav><\/div>\n<\/div>\n\n\n\n<div style=\"height:72px\" aria-hidden=\"true\" class=\"wp-block-spacer\"><\/div>\n\n\n\n<div class=\"wp-block-group has-global-padding is-layout-constrained wp-block-group-is-layout-constrained\">\n<p class=\"has-text-align-center has-custom-strict-white-color has-text-color has-link-color wp-elements-96806dbd1059fd3b1c377536f7c5edcd\" style=\"font-size:10px\">Karri\u00e4r p\u00e5 CatapultAI<\/p>\n\n\n\n<h1 class=\"wp-block-heading has-text-align-center has-custom-strict-white-color has-text-color has-link-color wp-elements-a4f035fa39696aa10b5035037418df01\" style=\"margin-top:12px;margin-bottom:var(--wp--preset--spacing--20)\">Forma framtidens arbete med oss<\/h1>\n\n\n\n<p class=\"has-text-align-center has-custom-strict-white-color has-text-color has-link-color wp-elements-d8f24ee7b6ccbba23312f6e16b600197\">Vi har en tydlig mission att g\u00f6ra AI verklig, nu s\u00f6ker vi nyfikna och drivna m\u00e4nniskor som g\u00f6ra detsamma<\/p>\n\n\n\n<div class=\"wp-block-buttons is-content-justification-center is-layout-flex wp-container-core-buttons-is-layout-41f55948 wp-block-buttons-is-layout-flex\" style=\"margin-top:3rem\">\n<div class=\"wp-block-button\"><a class=\"wp-block-button__link wp-element-button\" href=\"https:\/\/catapult-ai.com\/sv\/contact\/\">Kontakta oss<\/a><\/div>\n<\/div>\n\n\n\n<div style=\"height:100px\" aria-hidden=\"true\" class=\"wp-block-spacer\"><\/div>\n<\/div>\n<\/div><\/div>\n<\/div>\n\n\n<div class=\"yoast-breadcrumbs\"><span><span><a href=\"https:\/\/catapult-ai.com\/sv\/\">Hem<\/a><\/span> \u00bb <span class=\"breadcrumb_last\" aria-current=\"page\">Karri\u00e4r<\/span><\/span><\/div>\n\n\n<div style=\"height:100px\" aria-hidden=\"true\" class=\"wp-block-spacer\"><\/div>\n\n\n\n<h2 class=\"wp-block-heading has-text-align-center has-primary-color has-text-color has-link-color has-xx-large-font-size wp-elements-b3ab9e404a83addcc720676878b47840\">Karri\u00e4r p\u00e5 CatapultAI<\/h2>\n\n\n\n<div style=\"height:30px\" aria-hidden=\"true\" class=\"wp-block-spacer\"><\/div>\n\n\n\n<div class=\"wp-block-group alignfull has-background has-global-padding is-layout-constrained wp-container-core-group-is-layout-d3660685 wp-block-group-is-layout-constrained\" style=\"background-color:#f5f6f8;margin-top:var(--wp--preset--spacing--20);margin-bottom:var(--wp--preset--spacing--20);padding-top:var(--wp--preset--spacing--30);padding-right:var(--wp--preset--spacing--30);padding-bottom:var(--wp--preset--spacing--30);padding-left:var(--wp--preset--spacing--30);box-shadow:var(--wp--preset--shadow--natural)\">\n<div class=\"wp-block-columns alignwide is-layout-flex wp-container-core-columns-is-layout-d0bbbce0 wp-block-columns-is-layout-flex\">\n<div class=\"wp-block-column is-layout-flow wp-block-column-is-layout-flow\">\n<div class=\"wp-block-cover is-light\" style=\"padding-top:0;padding-right:var(--wp--preset--spacing--20);padding-bottom:0;padding-left:var(--wp--preset--spacing--20);box-shadow:var(--wp--preset--shadow--natural);min-height:100%;aspect-ratio:unset;\"><img loading=\"lazy\" decoding=\"async\" width=\"683\" height=\"1024\" class=\"wp-block-cover__image-background wp-image-1347 size-large\" alt=\"Team members joining hands in a collaborative gesture at CatapultAI office.\" src=\"https:\/\/catapult-ai.com\/wp-content\/uploads\/2025\/04\/image-12-683x1024.jpg\" data-object-fit=\"cover\" srcset=\"https:\/\/catapult-ai.com\/wp-content\/uploads\/2025\/04\/image-12-683x1024.jpg 683w, https:\/\/catapult-ai.com\/wp-content\/uploads\/2025\/04\/image-12-200x300.jpg 200w, https:\/\/catapult-ai.com\/wp-content\/uploads\/2025\/04\/image-12-768x1152.jpg 768w, https:\/\/catapult-ai.com\/wp-content\/uploads\/2025\/04\/image-12-1024x1536.jpg 1024w, https:\/\/catapult-ai.com\/wp-content\/uploads\/2025\/04\/image-12.jpg 1080w\" sizes=\"auto, (max-width: 683px) 100vw, 683px\" \/><span aria-hidden=\"true\" class=\"wp-block-cover__background has-background-dim-0 has-background-dim\" style=\"background-color:#c3b7b3\"><\/span><div class=\"wp-block-cover__inner-container is-layout-flow wp-block-cover-is-layout-flow\">\n<div style=\"height:314px\" aria-hidden=\"true\" class=\"wp-block-spacer\"><\/div>\n<\/div><\/div>\n<\/div>\n\n\n\n<div class=\"wp-block-column is-layout-flow wp-block-column-is-layout-flow\">\n<div class=\"wp-block-group has-global-padding is-layout-constrained wp-container-core-group-is-layout-80fb368b wp-block-group-is-layout-constrained\" style=\"padding-top:var(--wp--preset--spacing--30);padding-right:var(--wp--preset--spacing--30);padding-bottom:var(--wp--preset--spacing--30);padding-left:var(--wp--preset--spacing--30)\">\n<p class=\"has-medium-font-size\" style=\"margin-top:8px\">P\u00e5 CatapultA<strong>I<\/strong>, tror vi att AI ska st\u00e4rka m\u00e4nniskor, inte ers\u00e4tta dem. Om du utforskar karri\u00e4rm\u00f6jligheter p\u00e5 CatapultAI blir du en del av ett uppdrag d\u00e4r vi anv\u00e4nder AI f\u00f6r att l\u00f6sa verkliga utmaningar i n\u00e4ringsliv och offentlig sektor <\/p>\n\n\n\n<p class=\"has-medium-font-size\" style=\"margin-top:8px\">Vi \u00e4r ett litet team med djup erfarenhet, stort engagemang och noll fluff. P\u00e5 CatapultAI h\u00e5ller vi det m\u00e4nskligt, \u00e4r nyfikna och fokuserar p\u00e5 verkliga resultat.<\/p>\n\n\n\n<p class=\"has-medium-font-size\" style=\"margin-top:8px\">Vi skapar aff\u00e4rsv\u00e4rde med AI f\u00f6r en h\u00e5llbar och j\u00e4mlik framtid, baserat p\u00e5 v\u00e5ra k\u00e4rnv\u00e4rden:<\/p>\n\n\n\n<div class=\"wp-block-ultimate-post-advanced-list ultp-block-b3815a\"><ul class=\"ultp-list-wrapper ultp-list-layout1\">\n<li class=\"wp-block-ultimate-post-list ultp-block-0b42ea\"><div class=\"ultp-list-content\"><div class=\"ultp-listicon-bg\"><svg xmlns=\"http:\/\/www.w3.org\/2000\/svg\" fill=\"currentColor\" viewbox=\"0 0 24 24\">\r\n  <path fill-rule=\"evenodd\" d=\"M12 1.25C6.063 1.25 1.25 6.063 1.25 12S6.063 22.75 12 22.75 22.75 17.937 22.75 12 17.937 1.25 12 1.25Zm4.737 8.426a1 1 0 0 0-1.474-1.352l-4.794 5.23-1.762-1.761a1 1 0 0 0-1.414 1.414l2.5 2.5a1 1 0 0 0 1.444-.031l5.5-6Z\" clip-rule=\"evenodd\"\/>\r\n<\/svg>\r\n<\/div><div class=\"ultp-list-title\"><strong>Transparens<\/strong> \u2014 Vi delar sammanhang, data och riktning \u00f6ppet<\/div><\/div><\/li>\n\n\n\n<li class=\"wp-block-ultimate-post-list ultp-block-fc791b\"><div class=\"ultp-list-content\"><div class=\"ultp-listicon-bg\"><svg xmlns=\"http:\/\/www.w3.org\/2000\/svg\" fill=\"currentColor\" viewbox=\"0 0 24 24\">\r\n  <path fill-rule=\"evenodd\" d=\"M12 1.25C6.063 1.25 1.25 6.063 1.25 12S6.063 22.75 12 22.75 22.75 17.937 22.75 12 17.937 1.25 12 1.25Zm4.737 8.426a1 1 0 0 0-1.474-1.352l-4.794 5.23-1.762-1.761a1 1 0 0 0-1.414 1.414l2.5 2.5a1 1 0 0 0 1.444-.031l5.5-6Z\" clip-rule=\"evenodd\"\/>\r\n<\/svg>\r\n<\/div><div class=\"ultp-list-title\"><strong>Etiskt fokus<\/strong> \u2014 Ansvarsfull AI och integritet v\u00e4gleder varje beslut<\/div><\/div><\/li>\n\n\n\n<li class=\"wp-block-ultimate-post-list ultp-block-cd602b\"><div class=\"ultp-list-content\"><div class=\"ultp-listicon-bg\"><svg xmlns=\"http:\/\/www.w3.org\/2000\/svg\" fill=\"currentColor\" viewbox=\"0 0 24 24\">\r\n  <path fill-rule=\"evenodd\" d=\"M12 1.25C6.063 1.25 1.25 6.063 1.25 12S6.063 22.75 12 22.75 22.75 17.937 22.75 12 17.937 1.25 12 1.25Zm4.737 8.426a1 1 0 0 0-1.474-1.352l-4.794 5.23-1.762-1.761a1 1 0 0 0-1.414 1.414l2.5 2.5a1 1 0 0 0 1.444-.031l5.5-6Z\" clip-rule=\"evenodd\"\/>\r\n<\/svg>\r\n<\/div><div class=\"ultp-list-title\"><strong>M\u00e4nniskan i centrum<\/strong> \u2014 M\u00e4nniskan kommer f\u00f6rst: v\u00e5rt team, v\u00e5ra partners och den v\u00e4rld vi bygger f\u00f6r<\/div><\/div><\/li>\n<\/ul><\/div>\n<\/div>\n<\/div>\n<\/div>\n\n\n\n<p class=\"has-text-align-center\">L\u00e4s mer om v\u00e5ra <a href=\"https:\/\/catapult-ai.com\/sv\/offerings\/ai-consulting-services\/\">AI konsulttj\u00e4nster<\/a> f\u00f6r att se hur vi samarbetar med organisationer i olika branscher.<\/p>\n<\/div>\n\n\n\n<div style=\"height:120px\" aria-hidden=\"true\" class=\"wp-block-spacer\"><\/div>\n\n\n\n<div class=\"wp-block-group alignfull has-background has-global-padding is-layout-constrained wp-block-group-is-layout-constrained\" style=\"background-color:#f5f6f8;box-shadow:var(--wp--preset--shadow--natural)\">\n<h2 class=\"wp-block-heading has-text-align-center has-primary-color has-text-color has-link-color wp-elements-5da5592fb2516deb386fbb1eea08fa01\" style=\"margin-top:0px;margin-bottom:1rem\">L\u00e5t oss samarbeta<\/h2>\n\n\n\n<div class=\"wp-block-buttons is-content-justification-center is-layout-flex wp-container-core-buttons-is-layout-d2a3880e wp-block-buttons-is-layout-flex\" style=\"margin-top:var(--wp--preset--spacing--30)\">\n<div class=\"wp-block-button is-style-fill\"><a class=\"wp-block-button__link wp-element-button\" href=\"https:\/\/catapult-ai.com\/sv\/contact\/\">Kontakta oss<\/a><\/div>\n<\/div>\n<\/div>\n\n\n\n<div style=\"height:100px\" aria-hidden=\"true\" class=\"wp-block-spacer\"><\/div>","protected":false},"excerpt":{"rendered":"<p>Careers at CatapultAI At CatapultAI, we believe AI should empower people, not replace them. If you\u2019re exploring careers at CatapultAI, you\u2019ll join a mission driven team using AI to solve real challenges in business and the public sector. We\u2019re a small group with deep experience, big energy, and zero fluff. At CatapultAI, we keep it [&hellip;]<\/p>","protected":false},"author":2,"featured_media":0,"parent":0,"menu_order":0,"comment_status":"closed","ping_status":"closed","template":"no-title","meta":{"footnotes":""},"class_list":["post-1418","page","type-page","status-publish","hentry"],"yoast_head":"<!-- This site is optimized with the Yoast SEO plugin v26.4 - https:\/\/yoast.com\/wordpress\/plugins\/seo\/ -->\n<title>Careers at CatapultAI \u2014 Shape the Future of Work with AI<\/title>\n<meta name=\"description\" content=\"Join our mission driven team using AI to solve real challenges in business and public sector. Human-first, remote-friendly, impact-focused.\" \/>\n<meta name=\"robots\" content=\"index, follow, max-snippet:-1, max-image-preview:large, max-video-preview:-1\" \/>\n<link rel=\"canonical\" href=\"https:\/\/catapult-ai.com\/sv\/careers\/\" \/>\n<meta property=\"og:locale\" content=\"sv_SE\" \/>\n<meta property=\"og:type\" content=\"article\" \/>\n<meta property=\"og:title\" content=\"Careers at CatapultAI \u2014 Shape the Future of Work with AI\" \/>\n<meta property=\"og:description\" content=\"Join our mission driven team using AI to solve real challenges in business and public sector. Human-first, remote-friendly, impact-focused.\" \/>\n<meta property=\"og:url\" content=\"https:\/\/catapult-ai.com\/sv\/careers\/\" \/>\n<meta property=\"og:site_name\" content=\"Building the businesses of tomorrow.\" \/>\n<meta property=\"article:modified_time\" content=\"2025-11-12T12:21:32+00:00\" \/>\n<meta property=\"og:image\" content=\"https:\/\/catapult-ai.com\/wp-content\/uploads\/2025\/04\/image-12.jpg\" \/>\n\t<meta property=\"og:image:width\" content=\"1080\" \/>\n\t<meta property=\"og:image:height\" content=\"1620\" \/>\n\t<meta property=\"og:image:type\" content=\"image\/jpeg\" \/>\n<meta name=\"twitter:card\" content=\"summary_large_image\" \/>\n<meta name=\"twitter:label1\" content=\"Ber\u00e4knad l\u00e4stid\" \/>\n\t<meta name=\"twitter:data1\" content=\"1 minut\" \/>\n<script type=\"application\/ld+json\" class=\"yoast-schema-graph\">{\"@context\":\"https:\/\/schema.org\",\"@graph\":[{\"@type\":\"WebPage\",\"@id\":\"https:\/\/catapult-ai.com\/careers\/\",\"url\":\"https:\/\/catapult-ai.com\/careers\/\",\"name\":\"Careers at CatapultAI \u2014 Shape the Future of Work with AI\",\"isPartOf\":{\"@id\":\"https:\/\/catapult-ai.com\/#website\"},\"primaryImageOfPage\":{\"@id\":\"https:\/\/catapult-ai.com\/careers\/#primaryimage\"},\"image\":{\"@id\":\"https:\/\/catapult-ai.com\/careers\/#primaryimage\"},\"thumbnailUrl\":\"https:\/\/catapult-ai.com\/wp-content\/uploads\/2025\/04\/image-12-683x1024.jpg\",\"datePublished\":\"2025-04-17T14:39:08+00:00\",\"dateModified\":\"2025-11-12T12:21:32+00:00\",\"description\":\"Join our mission driven team using AI to solve real challenges in business and public sector. Human-first, remote-friendly, impact-focused.\",\"breadcrumb\":{\"@id\":\"https:\/\/catapult-ai.com\/careers\/#breadcrumb\"},\"inLanguage\":\"sv-SE\",\"potentialAction\":[{\"@type\":\"ReadAction\",\"target\":[\"https:\/\/catapult-ai.com\/careers\/\"]}]},{\"@type\":\"ImageObject\",\"inLanguage\":\"sv-SE\",\"@id\":\"https:\/\/catapult-ai.com\/careers\/#primaryimage\",\"url\":\"https:\/\/catapult-ai.com\/wp-content\/uploads\/2025\/04\/image-12-683x1024.jpg\",\"contentUrl\":\"https:\/\/catapult-ai.com\/wp-content\/uploads\/2025\/04\/image-12-683x1024.jpg\"},{\"@type\":\"BreadcrumbList\",\"@id\":\"https:\/\/catapult-ai.com\/careers\/#breadcrumb\",\"itemListElement\":[{\"@type\":\"ListItem\",\"position\":1,\"name\":\"Home\",\"item\":\"https:\/\/catapult-ai.com\/\"},{\"@type\":\"ListItem\",\"position\":2,\"name\":\"Careers\"}]},{\"@type\":\"WebSite\",\"@id\":\"https:\/\/catapult-ai.com\/#website\",\"url\":\"https:\/\/catapult-ai.com\/\",\"name\":\"CatapultAI AB\",\"description\":\"Catapult your business into the future using AI\",\"publisher\":{\"@id\":\"https:\/\/catapult-ai.com\/#organization\"},\"potentialAction\":[{\"@type\":\"SearchAction\",\"target\":{\"@type\":\"EntryPoint\",\"urlTemplate\":\"https:\/\/catapult-ai.com\/?s={search_term_string}\"},\"query-input\":{\"@type\":\"PropertyValueSpecification\",\"valueRequired\":true,\"valueName\":\"search_term_string\"}}],\"inLanguage\":\"sv-SE\"},{\"@type\":\"Organization\",\"@id\":\"https:\/\/catapult-ai.com\/#organization\",\"name\":\"CatapultAI AB\",\"url\":\"https:\/\/catapult-ai.com\/\",\"logo\":{\"@type\":\"ImageObject\",\"inLanguage\":\"sv-SE\",\"@id\":\"https:\/\/catapult-ai.com\/#\/schema\/logo\/image\/\",\"url\":\"https:\/\/catapult-ai.com\/wp-content\/uploads\/2025\/01\/Logo-white_pink.png\",\"contentUrl\":\"https:\/\/catapult-ai.com\/wp-content\/uploads\/2025\/01\/Logo-white_pink.png\",\"width\":6694,\"height\":1927,\"caption\":\"CatapultAI AB\"},\"image\":{\"@id\":\"https:\/\/catapult-ai.com\/#\/schema\/logo\/image\/\"},\"sameAs\":[\"https:\/\/www.linkedin.com\/company\/catapult-ai\/\"]}]}<\/script>\n<!-- \/ Yoast SEO plugin. -->","yoast_head_json":{"title":"Careers at CatapultAI \u2014 Shape the Future of Work with AI","description":"Join our mission driven team using AI to solve real challenges in business and public sector. Human-first, remote-friendly, impact-focused.","robots":{"index":"index","follow":"follow","max-snippet":"max-snippet:-1","max-image-preview":"max-image-preview:large","max-video-preview":"max-video-preview:-1"},"canonical":"https:\/\/catapult-ai.com\/sv\/careers\/","og_locale":"sv_SE","og_type":"article","og_title":"Careers at CatapultAI \u2014 Shape the Future of Work with AI","og_description":"Join our mission driven team using AI to solve real challenges in business and public sector. Human-first, remote-friendly, impact-focused.","og_url":"https:\/\/catapult-ai.com\/sv\/careers\/","og_site_name":"Building the businesses of tomorrow.","article_modified_time":"2025-11-12T12:21:32+00:00","og_image":[{"width":1080,"height":1620,"url":"https:\/\/catapult-ai.com\/wp-content\/uploads\/2025\/04\/image-12.jpg","type":"image\/jpeg"}],"twitter_card":"summary_large_image","twitter_misc":{"Ber\u00e4knad l\u00e4stid":"1 minut"},"schema":{"@context":"https:\/\/schema.org","@graph":[{"@type":"WebPage","@id":"https:\/\/catapult-ai.com\/careers\/","url":"https:\/\/catapult-ai.com\/careers\/","name":"Careers at CatapultAI \u2014 Shape the Future of Work with AI","isPartOf":{"@id":"https:\/\/catapult-ai.com\/#website"},"primaryImageOfPage":{"@id":"https:\/\/catapult-ai.com\/careers\/#primaryimage"},"image":{"@id":"https:\/\/catapult-ai.com\/careers\/#primaryimage"},"thumbnailUrl":"https:\/\/catapult-ai.com\/wp-content\/uploads\/2025\/04\/image-12-683x1024.jpg","datePublished":"2025-04-17T14:39:08+00:00","dateModified":"2025-11-12T12:21:32+00:00","description":"Join our mission driven team using AI to solve real challenges in business and public sector. Human-first, remote-friendly, impact-focused.","breadcrumb":{"@id":"https:\/\/catapult-ai.com\/careers\/#breadcrumb"},"inLanguage":"sv-SE","potentialAction":[{"@type":"ReadAction","target":["https:\/\/catapult-ai.com\/careers\/"]}]},{"@type":"ImageObject","inLanguage":"sv-SE","@id":"https:\/\/catapult-ai.com\/careers\/#primaryimage","url":"https:\/\/catapult-ai.com\/wp-content\/uploads\/2025\/04\/image-12-683x1024.jpg","contentUrl":"https:\/\/catapult-ai.com\/wp-content\/uploads\/2025\/04\/image-12-683x1024.jpg"},{"@type":"BreadcrumbList","@id":"https:\/\/catapult-ai.com\/careers\/#breadcrumb","itemListElement":[{"@type":"ListItem","position":1,"name":"Home","item":"https:\/\/catapult-ai.com\/"},{"@type":"ListItem","position":2,"name":"Careers"}]},{"@type":"WebSite","@id":"https:\/\/catapult-ai.com\/#website","url":"https:\/\/catapult-ai.com\/","name":"CatapultAI AB","description":"Lyft din verksamhet till n\u00e4sta niv\u00e5 med AI som drivkraft","publisher":{"@id":"https:\/\/catapult-ai.com\/#organization"},"potentialAction":[{"@type":"SearchAction","target":{"@type":"EntryPoint","urlTemplate":"https:\/\/catapult-ai.com\/?s={search_term_string}"},"query-input":{"@type":"PropertyValueSpecification","valueRequired":true,"valueName":"search_term_string"}}],"inLanguage":"sv-SE"},{"@type":"Organization","@id":"https:\/\/catapult-ai.com\/#organization","name":"CatapultAI AB","url":"https:\/\/catapult-ai.com\/","logo":{"@type":"ImageObject","inLanguage":"sv-SE","@id":"https:\/\/catapult-ai.com\/#\/schema\/logo\/image\/","url":"https:\/\/catapult-ai.com\/wp-content\/uploads\/2025\/01\/Logo-white_pink.png","contentUrl":"https:\/\/catapult-ai.com\/wp-content\/uploads\/2025\/01\/Logo-white_pink.png","width":6694,"height":1927,"caption":"CatapultAI AB"},"image":{"@id":"https:\/\/catapult-ai.com\/#\/schema\/logo\/image\/"},"sameAs":["https:\/\/www.linkedin.com\/company\/catapult-ai\/"]}]}},"jetpack_sharing_enabled":true,"_links":{"self":[{"href":"https:\/\/catapult-ai.com\/sv\/wp-json\/wp\/v2\/pages\/1418","targetHints":{"allow":["GET"]}}],"collection":[{"href":"https:\/\/catapult-ai.com\/sv\/wp-json\/wp\/v2\/pages"}],"about":[{"href":"https:\/\/catapult-ai.com\/sv\/wp-json\/wp\/v2\/types\/page"}],"author":[{"embeddable":true,"href":"https:\/\/catapult-ai.com\/sv\/wp-json\/wp\/v2\/users\/2"}],"replies":[{"embeddable":true,"href":"https:\/\/catapult-ai.com\/sv\/wp-json\/wp\/v2\/comments?post=1418"}],"version-history":[{"count":54,"href":"https:\/\/catapult-ai.com\/sv\/wp-json\/wp\/v2\/pages\/1418\/revisions"}],"predecessor-version":[{"id":4079,"href":"https:\/\/catapult-ai.com\/sv\/wp-json\/wp\/v2\/pages\/1418\/revisions\/4079"}],"wp:attachment":[{"href":"https:\/\/catapult-ai.com\/sv\/wp-json\/wp\/v2\/media?parent=1418"}],"curies":[{"name":"wp","href":"https:\/\/api.w.org\/{rel}","templated":true}]}}